{"id":821,"date":"2026-02-17T22:32:48","date_gmt":"2026-02-18T03:32:48","guid":{"rendered":"https:\/\/epx.com.co\/?page_id=821"},"modified":"2026-02-17T23:12:21","modified_gmt":"2026-02-18T04:12:21","slug":"inicio","status":"publish","type":"page","link":"https:\/\/epx.com.co\/?page_id=821","title":{"rendered":"Conectamos tu carga con el Mundo"},"content":{"rendered":"\t\t<div data-elementor-type=\"wp-page\" data-elementor-id=\"821\" class=\"elementor elementor-821\">\n\t\t\t\t<div class=\"elementor-element elementor-element-8d63e25 e-flex e-con-boxed e-con e-parent\" data-id=\"8d63e25\" data-element_type=\"container\" data-e-type=\"container\">\n\t\t\t\t\t<div class=\"e-con-inner\">\n\t\t\t\t<div class=\"elementor-element elementor-element-803bc13 elementor-widget elementor-widget-image\" data-id=\"803bc13\" data-element_type=\"widget\" data-e-type=\"widget\" data-widget_type=\"image.default\">\n\t\t\t\t\t\t\t\t\t\t\t\t\t\t\t<img fetchpriority=\"high\" decoding=\"async\" width=\"1024\" height=\"341\" src=\"https:\/\/epx.com.co\/wp-content\/uploads\/2026\/02\/Sin-titulo-3000-x-1500-px-3000-x-1000-px-1024x341.png\" class=\"attachment-large size-large wp-image-824\" alt=\"\" srcset=\"https:\/\/epx.com.co\/wp-content\/uploads\/2026\/02\/Sin-titulo-3000-x-1500-px-3000-x-1000-px-1024x341.png 1024w, https:\/\/epx.com.co\/wp-content\/uploads\/2026\/02\/Sin-titulo-3000-x-1500-px-3000-x-1000-px-300x100.png 300w, https:\/\/epx.com.co\/wp-content\/uploads\/2026\/02\/Sin-titulo-3000-x-1500-px-3000-x-1000-px-768x256.png 768w, https:\/\/epx.com.co\/wp-content\/uploads\/2026\/02\/Sin-titulo-3000-x-1500-px-3000-x-1000-px-1536x512.png 1536w, https:\/\/epx.com.co\/wp-content\/uploads\/2026\/02\/Sin-titulo-3000-x-1500-px-3000-x-1000-px-2048x683.png 2048w\" sizes=\"(max-width: 1024px) 100vw, 1024px\" \/>\t\t\t\t\t\t\t\t\t\t\t\t\t\t\t<\/div>\n\t\t\t\t\t<\/div>\n\t\t\t\t<\/div>\n\t\t<div class=\"elementor-element elementor-element-f109b8a e-flex e-con-boxed e-con e-parent\" data-id=\"f109b8a\" data-element_type=\"container\" data-e-type=\"container\">\n\t\t\t\t\t<div class=\"e-con-inner\">\n\t\t\t\t<div class=\"elementor-element elementor-element-08475a9 elementor-widget elementor-widget-heading\" data-id=\"08475a9\" data-element_type=\"widget\" data-e-type=\"widget\" data-widget_type=\"heading.default\">\n\t\t\t\t\t<h2 class=\"elementor-heading-title elementor-size-default\">Soluciones de Courier y Carga Internacional con Cobertura en m\u00e1s de 223 Pa\u00edses<\/h2>\t\t\t\t<\/div>\n\t\t\t\t<div class=\"elementor-element elementor-element-ed6bc57 elementor-align-center elementor-widget__width-auto elementor-widget elementor-widget-button\" data-id=\"ed6bc57\" data-element_type=\"widget\" data-e-type=\"widget\" data-widget_type=\"button.default\">\n\t\t\t\t\t\t\t\t\t\t<a class=\"elementor-button elementor-button-link elementor-size-sm\" href=\"#\">\n\t\t\t\t\t\t<span class=\"elementor-button-content-wrapper\">\n\t\t\t\t\t\t\t\t\t<span class=\"elementor-button-text\">Cotizar Env\u00edo<\/span>\n\t\t\t\t\t<\/span>\n\t\t\t\t\t<\/a>\n\t\t\t\t\t\t\t\t<\/div>\n\t\t\t\t<div class=\"elementor-element elementor-element-c8c5191 elementor-align-justify elementor-widget__width-initial elementor-widget elementor-widget-button\" data-id=\"c8c5191\" data-element_type=\"widget\" data-e-type=\"widget\" data-widget_type=\"button.default\">\n\t\t\t\t\t\t\t\t\t\t<a class=\"elementor-button elementor-button-link elementor-size-sm\" href=\"#\">\n\t\t\t\t\t\t<span class=\"elementor-button-content-wrapper\">\n\t\t\t\t\t\t\t\t\t<span class=\"elementor-button-text\">Hablar con un Asesor<\/span>\n\t\t\t\t\t<\/span>\n\t\t\t\t\t<\/a>\n\t\t\t\t\t\t\t\t<\/div>\n\t\t\t\t\t<\/div>\n\t\t\t\t<\/div>\n\t\t\t\t<\/div>\n\t\t","protected":false},"excerpt":{"rendered":"<p>Soluciones de Courier y Carga Internacional con Cobertura en m\u00e1s de 223 Pa\u00edses Cotizar Env\u00edo Hablar con un Asesor<\/p>\n","protected":false},"author":2,"featured_media":824,"parent":0,"menu_order":0,"comment_status":"closed","ping_status":"closed","template":"","meta":{"site-sidebar-layout":"no-sidebar","site-content-layout":"","ast-site-content-layout":"full-width-container","site-content-style":"default","site-sidebar-style":"default","ast-global-header-display":"","ast-banner-title-visibility":"","ast-main-header-display":"","ast-hfb-above-header-display":"","ast-hfb-below-header-display":"","ast-hfb-mobile-header-display":"","site-post-title":"","ast-breadcrumbs-content":"","ast-featured-img":"disabled","footer-sml-layout":"","ast-disable-related-posts":"","theme-transparent-header-meta":"","adv-header-id-meta":"","stick-header-meta":"","header-above-stick-meta":"","header-main-stick-meta":"","header-below-stick-meta":"","astra-migrate-meta-layouts":"default","ast-page-background-enabled":"default","ast-page-background-meta":{"desktop":{"background-color":"var(--ast-global-color-5)","background-image":"","background-repeat":"repeat","background-position":"center center","background-size":"auto","background-attachment":"scroll","background-type":"","background-media":"","overlay-type":"","overlay-color":"","overlay-opacity":"","overlay-gradient":""},"tablet":{"background-color":"","background-image":"","background-repeat":"repeat","background-position":"center center","background-size":"auto","background-attachment":"scroll","background-type":"","background-media":"","overlay-type":"","overlay-color":"","overlay-opacity":"","overlay-gradient":""},"mobile":{"background-color":"","background-image":"","background-repeat":"repeat","background-position":"center center","background-size":"auto","background-attachment":"scroll","background-type":"","background-media":"","overlay-type":"","overlay-color":"","overlay-opacity":"","overlay-gradient":""}},"ast-content-background-meta":{"desktop":{"background-color":"var(--ast-global-color-4)","background-image":"","background-repeat":"repeat","background-position":"center center","background-size":"auto","background-attachment":"scroll","background-type":"","background-media":"","overlay-type":"","overlay-color":"","overlay-opacity":"","overlay-gradient":""},"tablet":{"background-color":"var(--ast-global-color-4)","background-image":"","background-repeat":"repeat","background-position":"center center","background-size":"auto","background-attachment":"scroll","background-type":"","background-media":"","overlay-type":"","overlay-color":"","overlay-opacity":"","overlay-gradient":""},"mobile":{"background-color":"var(--ast-global-color-4)","background-image":"","background-repeat":"repeat","background-position":"center center","background-size":"auto","background-attachment":"scroll","background-type":"","background-media":"","overlay-type":"","overlay-color":"","overlay-opacity":"","overlay-gradient":""}},"footnotes":""},"class_list":["post-821","page","type-page","status-publish","has-post-thumbnail","hentry"],"_links":{"self":[{"href":"https:\/\/epx.com.co\/index.php?rest_route=\/wp\/v2\/pages\/821","targetHints":{"allow":["GET"]}}],"collection":[{"href":"https:\/\/epx.com.co\/index.php?rest_route=\/wp\/v2\/pages"}],"about":[{"href":"https:\/\/epx.com.co\/index.php?rest_route=\/wp\/v2\/types\/page"}],"author":[{"embeddable":true,"href":"https:\/\/epx.com.co\/index.php?rest_route=\/wp\/v2\/users\/2"}],"replies":[{"embeddable":true,"href":"https:\/\/epx.com.co\/index.php?rest_route=%2Fwp%2Fv2%2Fcomments&post=821"}],"version-history":[{"count":18,"href":"https:\/\/epx.com.co\/index.php?rest_route=\/wp\/v2\/pages\/821\/revisions"}],"predecessor-version":[{"id":844,"href":"https:\/\/epx.com.co\/index.php?rest_route=\/wp\/v2\/pages\/821\/revisions\/844"}],"wp:featuredmedia":[{"embeddable":true,"href":"https:\/\/epx.com.co\/index.php?rest_route=\/wp\/v2\/media\/824"}],"wp:attachment":[{"href":"https:\/\/epx.com.co\/index.php?rest_route=%2Fwp%2Fv2%2Fmedia&parent=821"}],"curies":[{"name":"wp","href":"https:\/\/api.w.org\/{rel}","templated":true}]}}