{"id":28,"date":"2016-01-08T07:42:29","date_gmt":"2016-01-08T07:42:29","guid":{"rendered":"http:\/\/demo.vegatheme.com\/gocargo\/?page_id=28"},"modified":"2024-12-29T19:43:26","modified_gmt":"2024-12-30T00:43:26","slug":"home","status":"publish","type":"page","link":"https:\/\/epx.com.co\/","title":{"rendered":"EPX"},"content":{"rendered":"<section class=\"wpb-content-wrapper\"><p>[vc_row fullwidth=&#8221;yes&#8221; fullheight=&#8221;yes&#8221; bg_parallax_section=&#8221;yes&#8221; css=&#8221;.vc_custom_1677764762030{padding-top: 0px !important;padding-bottom: 0px !important;}&#8221; el_id=&#8221;inicio&#8221; el_class=&#8221;moving-link&#8221;][vc_column]\t\n\n\t<article id=\"section-intro\" class=\"no-padding autoheight light-text \"  style=\"background-image:url('');\"  data-stellar-background-ratio=\"0.5\">\n        <div class=\"center-y\">\n            <div class=\"inner text-center\">\n            \t                \t<div class=\"sub-intro-text\"><span>Easy Package Express<\/span><\/div>\n                \t\n                \n                                \t<div class=\"divider-single\"><\/div>\n                \t<h1><span class=\"id-color\">NOSOTROS LO HACEMOS POSIBLE !<\/span><\/h1>\n                \n                <div class=\"type-wrap title big\">\n                    <div class=\"typed-strings\">\n\t\t\t\t\t\t\t\t\t\t\t\t\t<p>COURIER<\/p>     \n\t\t\t\t\t\t\t\t\t\t\t\t\t<p>CARGA AEREA INTERNACIONAL<\/p>     \n\t\t\t\t\t\t\t\t\t\t\t\t\t<p>CARGA TERRESTRE NACIONAL<\/p>     \n\t\t\t\t\t\t\t\t\t\t\t\t\t<p>AGENTE DE ADUANAS<\/p>     \n\t\t\t\t\t\t\t\t\t\t\t\t\t<p>SERVICIO DE CASILLERO<\/p>     \n\t\t\t\t\t\t\t\t\t\t\t\t\t<p>SERVICIO DE CASILLERO<\/p>     \n\t\t\t\t\t\t\t\t\t\t\t\t\t<p>PICKING Y PACKING<\/p>     \n\t\t\t\t\t\t\t\t\t\t\t\t\t<p>COMERCIO INTERNACIONAL<\/p>     \n\t\t\t\t\t\t                    <\/div>\n                    <span class=\"typed\"><\/span>\n                <\/div>\n\n                 \n\n                <div class=\"divider-double\"><\/div>\n            <\/div>\n        <\/div>\n    <\/article>\n    \n[\/vc_column][\/vc_row][vc_row img_halfrow=&#8221;yes&#8221; bgcolor=&#8221;#f2f2f2&#8243; img_columns=&#8221;6columns&#8221; img_position=&#8221;imgright&#8221; el_id=&#8221;nosotros&#8221;][vc_column offset=&#8221;vc_col-md-5&#8243;]\n\t<div class=\"text-left \">\n\t\t\t\t\t\n\t\t\t <h2>NOSOTROS<\/h2>\t\t\t<div class=\"divider-deco\"><span><\/span><\/div>\n\t        <p class=\"lead\"><\/p>\n<p style=\"text-align: justify;\">Somos un operador log\u00edstico con tres sedes globales : M\u00c9XICO , USA y COLOMBIA, especializado en ofrecer soluciones log\u00edsticas de transporte a\u00e9reo, mar\u00edtimo y terrestre, con agencia de aduana a la medida de nuestros clientes, centrando nuestros esfuerzos en prestar el mejor servicio teniendo como base el desarrollo de una log\u00edstica confiable, asequible, eficaz e \u00edntegra con la mejor tarifa del mercado.<\/p>\n<p><\/p>\t\t    <\/div>\t\n\t\n[\/vc_column][vc_column offset=&#8221;vc_col-md-offset-2 vc_col-md-5&#8243;]\n\t<div class=\"text-left \">\n\t\t \n\t\t\t <h2>\u00bf PORQUE PREFERIRNOS ?<\/h2>\t        <p class=\"lead\"><\/p>\n<p style=\"text-align: justify;\">\u00a1Te conocemos y sabemos cu\u00e1les son tus necesidades!<\/p>\n<p style=\"text-align: justify;\">Durante la experiencia adquirida por parte de nuestros profesionales en Log\u00edstica y comercio exterior, desarrollamos e identificamos las oportunidades de mejora para su compa\u00f1\u00eda. Realizamos un an\u00e1lisis respectivo a las necesidades de su industria y presentamos nuestra propuesta log\u00edstica &#8211; comercial la cual permitir\u00e1 grandes beneficios para su empresa.<\/p>\n<p><\/p>\t\t\t<div class=\"divider-deco\"><span><\/span><\/div>\t\t\t\n\t\t    <\/div>\t\n\t\n[\/vc_column][\/vc_row][vc_row bg_parallax_section=&#8221;yes&#8221; parallax_image_section=&#8221;424&#8243;][vc_column width=&#8221;1\/4&#8243;]\n\t<div class=\"counter\">\n        <div class=\"num\">\n            1025\t\t\t<div class=\"tiny-border\"><\/div>\n        <\/div>\n        <div class=\"text\">\n            Empresas Atentidas        <\/div>\n    <\/div>\n\n[\/vc_column][vc_column width=&#8221;1\/4&#8243;]\n\t<div class=\"counter\">\n        <div class=\"num\">\n            510.000\t\t\t<div class=\"tiny-border\"><\/div>\n        <\/div>\n        <div class=\"text\">\n            Env\u00edos Tramitados        <\/div>\n    <\/div>\n\n[\/vc_column][vc_column width=&#8221;1\/4&#8243;]\n\t<div class=\"counter\">\n        <div class=\"num\">\n            13.316\t\t\t<div class=\"tiny-border\"><\/div>\n        <\/div>\n        <div class=\"text\">\n            Ciudades Cobertura        <\/div>\n    <\/div>\n\n[\/vc_column][vc_column width=&#8221;1\/4&#8243;]\n\t<div class=\"counter\">\n        <div class=\"num\">\n            98%\t\t\t<div class=\"tiny-border\"><\/div>\n        <\/div>\n        <div class=\"text\">\n            SATISFACCION DE NUESTROS CLIENTES        <\/div>\n    <\/div>\n\n[\/vc_column][\/vc_row][vc_row img_halfrow=&#8221;yes&#8221; halfrow_image=&#8221;418&#8243; img_columns=&#8221;6columns&#8221; img_position=&#8221;imgright&#8221; css=&#8221;.vc_custom_1677764774427{padding-top: 0px !important;padding-bottom: 0px !important;}&#8221; el_id=&#8221;servicios&#8221;][vc_column width=&#8221;1\/2&#8243; offset=&#8221;vc_col-md-5&#8243;][vc_empty_space]\n\t<div class=\"text-left \">\n\t\t\t\t\t\n\t\t\t <h2>NUESTROS SERVICIOS<\/h2>\t\t\t<div class=\"divider-deco\"><span><\/span><\/div>\n\t        <p class=\"lead\"><\/p>\n<p style=\"text-align: justify;\">Nuestros servicios son especializados y pensados en las PYMES, E-commerce y personas naturales desde y hacia cualquier parte del mundo, cubriendo m\u00e1s de 223 pa\u00edses.<\/p>\n<p style=\"text-align: justify;\">El traslado, transporte y manipulaci\u00f3n de sus documentos, mercanc\u00edas y sobres se encuentran seguros y acorde a las regulaciones vigentes de cada pa\u00eds convirti\u00e9ndonos en la 1ra. Empresa colombiana en asesor\u00edas en comercio exterior para seguridad de nuestros clientes.<\/p>\n<ul>\n<li style=\"text-align: justify;\">Servicios de casillero virtual en Miami y Europa.<\/li>\n<li>Tarifas preferenciales para PYMES y personas naturales.<\/li>\n<li>Servicio de Picking y Packing con entrega local.<\/li>\n<li>1ra. Empresa Colombiana en contar con una sede f\u00edsica en Miami.<\/li>\n<\/ul>\n<p><\/p>\t\t    <\/div>\t\n\t\n[vc_empty_space][\/vc_column][vc_column width=&#8221;1\/2&#8243;]\n\t<div class=\"call-to-action text-light  \">\n        <div class=\"container\">\n            <div class=\"row\">\n                <div class=\"col-md-9\">\n                \t\t                \t<h2>CASILLERO VIRTUAL<span>COMPRA LO QUE QUIERAS DESDE DONDE QUIERAS USA - CHINA - EUROPA<\/span><\/h2>\n\t                \t\t                \t                                    \n                <\/div>\n\n                <div class=\"col-md-3\">\n                                    <\/div>\n            <\/div>\n        <\/div>\n    <\/div>\n\t\n[\/vc_column][\/vc_row][vc_row fullwidth=&#8221;yes&#8221; css=&#8221;.vc_custom_1456912927301{padding-top: 0px !important;padding-bottom: 0px !important;}&#8221;][vc_column]\n\t<div class=\"box-four-columns wow fadeInLeft\" data-wow-delay=\".4s\" style=\"background: url(https:\/\/epx.com.co\/wp-content\/uploads\/2016\/01\/bg-box-1.jpg);background-size:cover;\">\n        <div class=\"bg-color-fx light-text padding-5 text-center\">\n            <h3>SERVICIO DE TRANSPORTE DE COURIER<\/h3>\n            <p><\/p>\n            <div class=\"tiny-border\"><\/div>\n        <\/div>\n    <\/div>\n\n\n\t<div class=\"box-four-columns wow fadeInLeft\" data-wow-delay=\".2s\" style=\"background: url(https:\/\/epx.com.co\/wp-content\/uploads\/2016\/01\/bg-box-2.jpg);background-size:cover;\">\n        <div class=\"bg-color-fx light-text padding-5 text-center\">\n            <h3>TRANSPORTE DE CARGA AEREA INTERNACIONAL<\/h3>\n            <p><\/p>\n            <div class=\"tiny-border\"><\/div>\n        <\/div>\n    <\/div>\n\n\n\t<div class=\"box-four-columns wow fadeInRight\" data-wow-delay=\".2s\" style=\"background: url(https:\/\/epx.com.co\/wp-content\/uploads\/2016\/01\/bg-box-3.jpg);background-size:cover;\">\n        <div class=\"bg-color-fx light-text padding-5 text-center\">\n            <h3>SERVICIO TRANSPORTE DE CARGA MAR\u00cdTIMA<\/h3>\n            <p><\/p>\n            <div class=\"tiny-border\"><\/div>\n        <\/div>\n    <\/div>\n\n\n\t<div class=\"box-four-columns wow fadeInRight\" data-wow-delay=\".4s\" style=\"background: url(https:\/\/epx.com.co\/wp-content\/uploads\/2016\/01\/bg-box-4.jpg);background-size:cover;\">\n        <div class=\"bg-color-fx light-text padding-5 text-center\">\n            <h3>TRANSPORTE DE CARGA TERRESTRE NACIONAL<\/h3>\n            <p><\/p>\n            <div class=\"tiny-border\"><\/div>\n        <\/div>\n    <\/div>\n\n\n\t<div class=\"box-four-columns wow fadeInRight\" data-wow-delay=\".4s\" style=\"background: url(https:\/\/epx.com.co\/wp-content\/uploads\/2016\/01\/bg-box-4.jpg);background-size:cover;\">\n        <div class=\"bg-color-fx light-text padding-5 text-center\">\n            <h3>SERVICIO DE AGENCIAMIENTO DE ADUANA<\/h3>\n            <p><\/p>\n            <div class=\"tiny-border\"><\/div>\n        <\/div>\n    <\/div>\n\n\n\t<div class=\"box-four-columns wow fadeInRight\" data-wow-delay=\".4s\" style=\"background: url(https:\/\/epx.com.co\/wp-content\/uploads\/2016\/01\/bg-box-4.jpg);background-size:cover;\">\n        <div class=\"bg-color-fx light-text padding-5 text-center\">\n            <h3>SERVICIO DE CASILLERO INTERNACIONAL<\/h3>\n            <p><\/p>\n            <div class=\"tiny-border\"><\/div>\n        <\/div>\n    <\/div>\n\n\n\t<div class=\"box-four-columns wow fadeInRight\" data-wow-delay=\".4s\" style=\"background: url(https:\/\/epx.com.co\/wp-content\/uploads\/2016\/01\/bg-box-4.jpg);background-size:cover;\">\n        <div class=\"bg-color-fx light-text padding-5 text-center\">\n            <h3>SERVICIO PROFESIONAL DE PICKING Y PACKING<\/h3>\n            <p><\/p>\n            <div class=\"tiny-border\"><\/div>\n        <\/div>\n    <\/div>\n\n\n\t<div class=\"box-four-columns wow fadeInRight\" data-wow-delay=\".4s\" style=\"background: url(https:\/\/epx.com.co\/wp-content\/uploads\/2016\/01\/bg-box-4.jpg);background-size:cover;\">\n        <div class=\"bg-color-fx light-text padding-5 text-center\">\n            <h3>ASESORIA EN COMERCIO INTERNACIONAL<\/h3>\n            <p><\/p>\n            <div class=\"tiny-border\"><\/div>\n        <\/div>\n    <\/div>\n\n[\/vc_column][\/vc_row][vc_row bg_parallax_section=&#8221;yes&#8221; parallax_image_section=&#8221;460&#8243; el_id=&#8221;cotizacion&#8221;][vc_column offset=&#8221;vc_col-md-offset-2 vc_col-md-8&#8243;]\n<div class=\"wpcf7 no-js\" id=\"wpcf7-f458-o1\" lang=\"en-US\" dir=\"ltr\" data-wpcf7-id=\"458\">\n<div class=\"screen-reader-response\"><p role=\"status\" aria-live=\"polite\" aria-atomic=\"true\"><\/p> <ul><\/ul><\/div>\n<form action=\"\/index.php?rest_route=%2Fwp%2Fv2%2Fpages%2F28#wpcf7-f458-o1\" method=\"post\" class=\"wpcf7-form init\" aria-label=\"Contact form\" novalidate=\"novalidate\" data-status=\"init\">\n<fieldset class=\"hidden-fields-container\"><input type=\"hidden\" name=\"_wpcf7\" value=\"458\" \/><input type=\"hidden\" name=\"_wpcf7_version\" value=\"6.1\" \/><input type=\"hidden\" name=\"_wpcf7_locale\" value=\"en_US\" \/><input type=\"hidden\" name=\"_wpcf7_unit_tag\" value=\"wpcf7-f458-o1\" \/><input type=\"hidden\" name=\"_wpcf7_container_post\" value=\"0\" \/><input type=\"hidden\" name=\"_wpcf7_posted_data_hash\" value=\"\" \/>\n<\/fieldset>\n<div class=\"row form-transparent\">\n\t<div class=\"col-md-12 wow fadeInDown\">\n\t\t<div class=\"text-label bg-color text-center light-text\">\n\t\t\t<h3>SOLICITUD DE COTIZACI\u00d3N\n\t\t\t<\/h3>\n\t\t<\/div>\n\t<\/div>\n\t<div class=\"col-md-6\">\n\t\t<p><span class=\"wpcf7-form-control-wrap\" data-name=\"nombre\"><input size=\"40\" maxlength=\"400\" class=\"wpcf7-form-control wpcf7-text form-control wow fadeInLeft\" aria-invalid=\"false\" placeholder=\"SOBRE Y CANTIDAD:\" value=\"\" type=\"text\" name=\"nombre\" \/><\/span>\n\t\t<\/p>\n\t<\/div>\n\t<div class=\"col-md-6\">\n\t\t<p><span class=\"wpcf7-form-control-wrap\" data-name=\"telefono\"><input size=\"40\" maxlength=\"400\" class=\"wpcf7-form-control wpcf7-text form-control wow fadeInLeft\" aria-invalid=\"false\" placeholder=\"PAQUETE Y CANTIDAD:\" value=\"\" type=\"text\" name=\"telefono\" \/><\/span>\n\t\t<\/p>\n\t<\/div>\n\t<div class=\"col-md-6\">\n\t\t<p><span class=\"wpcf7-form-control-wrap\" data-name=\"telefono\"><input size=\"40\" maxlength=\"400\" class=\"wpcf7-form-control wpcf7-text form-control wow fadeInLeft\" aria-invalid=\"false\" placeholder=\"NOMBRE:\" value=\"\" type=\"text\" name=\"telefono\" \/><\/span>\n\t\t<\/p>\n\t<\/div>\n\t<div class=\"col-md-6\">\n\t\t<p><span class=\"wpcf7-form-control-wrap\" data-name=\"telefono\"><input size=\"40\" maxlength=\"400\" class=\"wpcf7-form-control wpcf7-text form-control wow fadeInLeft\" aria-invalid=\"false\" placeholder=\"TEL\u00c9FONO:\" value=\"\" type=\"text\" name=\"telefono\" \/><\/span>\n\t\t<\/p>\n\t<\/div>\n\t<div class=\"col-md-6\">\n\t\t<p><span class=\"wpcf7-form-control-wrap\" data-name=\"correo\"><input size=\"40\" maxlength=\"400\" class=\"wpcf7-form-control wpcf7-text form-control wow fadeInLeft\" aria-invalid=\"false\" placeholder=\"CORREO\" value=\"\" type=\"text\" name=\"correo\" \/><\/span>\n\t\t<\/p>\n\t<\/div>\n\t<div class=\"col-md-6\">\n\t\t<p><span class=\"wpcf7-form-control-wrap\" data-name=\"origen\"><input size=\"40\" maxlength=\"400\" class=\"wpcf7-form-control wpcf7-text form-control wow fadeInLeft\" aria-invalid=\"false\" placeholder=\"ORIGEN\" value=\"\" type=\"text\" name=\"origen\" \/><\/span>\n\t\t<\/p>\n\t<\/div>\n\t<div class=\"col-md-6\">\n\t\t<p><span class=\"wpcf7-form-control-wrap\" data-name=\"destino\"><input size=\"40\" maxlength=\"400\" class=\"wpcf7-form-control wpcf7-text form-control wow fadeInRight\" aria-invalid=\"false\" placeholder=\"DESTINO:\" value=\"\" type=\"text\" name=\"destino\" \/><\/span>\n\t\t<\/p>\n\t<\/div>\n\t<div class=\"col-md-6\">\n\t\t<p><span class=\"wpcf7-form-control-wrap\" data-name=\"peso\"><input size=\"40\" maxlength=\"400\" class=\"wpcf7-form-control wpcf7-text form-control wow fadeInLeft\" aria-invalid=\"false\" placeholder=\"VLR DECLARADO:\" value=\"\" type=\"text\" name=\"peso\" \/><\/span>\n\t\t<\/p>\n\t<\/div>\n\t<div class=\"col-md-6\">\n\t\t<p><span class=\"wpcf7-form-control-wrap\" data-name=\"medias-alto\"><input size=\"40\" maxlength=\"400\" class=\"wpcf7-form-control wpcf7-text form-control wow fadeInRight\" aria-invalid=\"false\" placeholder=\"ALTO:\" value=\"\" type=\"text\" name=\"medias-alto\" \/><\/span>\n\t\t<\/p>\n\t<\/div>\n\t<div class=\"col-md-6\">\n\t\t<p><span class=\"wpcf7-form-control-wrap\" data-name=\"medias-largo\"><input size=\"40\" maxlength=\"400\" class=\"wpcf7-form-control wpcf7-text form-control wow fadeInRight\" aria-invalid=\"false\" placeholder=\"LARGO:\" value=\"\" type=\"text\" name=\"medias-largo\" \/><\/span>\n\t\t<\/p>\n\t<\/div>\n\t<div class=\"col-md-6\">\n\t\t<p><span class=\"wpcf7-form-control-wrap\" data-name=\"medidas-ancho\"><input size=\"40\" maxlength=\"400\" class=\"wpcf7-form-control wpcf7-text form-control wow fadeInRight\" aria-invalid=\"false\" placeholder=\"ANCHO:\" value=\"\" type=\"text\" name=\"medidas-ancho\" \/><\/span>\n\t\t<\/p>\n\t<\/div>\n\t<div class=\"col-md-6\">\n\t\t<p><span class=\"wpcf7-form-control-wrap\" data-name=\"medidas-ancho\"><input size=\"40\" maxlength=\"400\" class=\"wpcf7-form-control wpcf7-text form-control wow fadeInRight\" aria-invalid=\"false\" placeholder=\"PESO:\" value=\"\" type=\"text\" name=\"medidas-ancho\" \/><\/span>\n\t\t<\/p>\n\t<\/div>\n\t<div class=\"col-md-12 wow fadeInUp\">\n\t\t<p><input class=\"wpcf7-form-control wpcf7-submit has-spinner form-control btn btn-custom\" type=\"submit\" value=\"ENVIAR COTIZACI\u00d3N\" \/>\n\t\t<\/p>\n\t<\/div>\n<\/div><div class=\"wpcf7-response-output\" aria-hidden=\"true\"><\/div>\n<\/form>\n<\/div>\n[\/vc_column][\/vc_row]<\/p>\n<\/section>","protected":false},"excerpt":{"rendered":"<p>[vc_row fullwidth=&#8221;yes&#8221; fullheight=&#8221;yes&#8221; bg_parallax_section=&#8221;yes&#8221; css=&#8221;.vc_custom_1677764762030{padding-top: 0px !important;padding-bottom: 0px !important;}&#8221; el_id=&#8221;inicio&#8221; el_class=&#8221;moving-link&#8221;][vc_column][\/vc_column][\/vc_row][vc_row img_halfrow=&#8221;yes&#8221; bgcolor=&#8221;#f2f2f2&#8243; img_columns=&#8221;6columns&#8221; img_position=&#8221;imgright&#8221; el_id=&#8221;nosotros&#8221;][vc_column offset=&#8221;vc_col-md-5&#8243;][\/vc_column][vc_column offset=&#8221;vc_col-md-offset-2 vc_col-md-5&#8243;][\/vc_column][\/vc_row][vc_row bg_parallax_section=&#8221;yes&#8221; [&hellip;]<\/p>\n","protected":false},"author":1,"featured_media":0,"parent":0,"menu_order":0,"comment_status":"closed","ping_status":"closed","template":"page-templates\/template-canvas.php","meta":{"site-sidebar-layout":"no-sidebar","site-content-layout":"plain-container","ast-site-content-layout":"default","site-content-style":"default","site-sidebar-style":"default","ast-global-header-display":"","ast-banner-title-visibility":"","ast-main-header-display":"","ast-hfb-above-header-display":"","ast-hfb-below-header-display":"","ast-hfb-mobile-header-display":"","site-post-title":"disabled","ast-breadcrumbs-content":"","ast-featured-img":"disabled","footer-sml-layout":"","ast-disable-related-posts":"","theme-transparent-header-meta":"","adv-header-id-meta":"","stick-header-meta":"","header-above-stick-meta":"","header-main-stick-meta":"","header-below-stick-meta":"","astra-migrate-meta-layouts":"default","ast-page-background-enabled":"default","ast-page-background-meta":{"desktop":{"background-color":"var(--ast-global-color-5)","background-image":"","background-repeat":"repeat","background-position":"center center","background-size":"auto","background-attachment":"scroll","background-type":"","background-media":"","overlay-type":"","overlay-color":"","overlay-opacity":"","overlay-gradient":""},"tablet":{"background-color":"","background-image":"","background-repeat":"repeat","background-position":"center center","background-size":"auto","background-attachment":"scroll","background-type":"","background-media":"","overlay-type":"","overlay-color":"","overlay-opacity":"","overlay-gradient":""},"mobile":{"background-color":"","background-image":"","background-repeat":"repeat","background-position":"center center","background-size":"auto","background-attachment":"scroll","background-type":"","background-media":"","overlay-type":"","overlay-color":"","overlay-opacity":"","overlay-gradient":""}},"ast-content-background-meta":{"desktop":{"background-color":"var(--ast-global-color-4)","background-image":"","background-repeat":"repeat","background-position":"center center","background-size":"auto","background-attachment":"scroll","background-type":"","background-media":"","overlay-type":"","overlay-color":"","overlay-opacity":"","overlay-gradient":""},"tablet":{"background-color":"var(--ast-global-color-4)","background-image":"","background-repeat":"repeat","background-position":"center center","background-size":"auto","background-attachment":"scroll","background-type":"","background-media":"","overlay-type":"","overlay-color":"","overlay-opacity":"","overlay-gradient":""},"mobile":{"background-color":"var(--ast-global-color-4)","background-image":"","background-repeat":"repeat","background-position":"center center","background-size":"auto","background-attachment":"scroll","background-type":"","background-media":"","overlay-type":"","overlay-color":"","overlay-opacity":"","overlay-gradient":""}},"footnotes":""},"class_list":["post-28","page","type-page","status-publish","hentry"],"_links":{"self":[{"href":"https:\/\/epx.com.co\/index.php?rest_route=\/wp\/v2\/pages\/28","targetHints":{"allow":["GET"]}}],"collection":[{"href":"https:\/\/epx.com.co\/index.php?rest_route=\/wp\/v2\/pages"}],"about":[{"href":"https:\/\/epx.com.co\/index.php?rest_route=\/wp\/v2\/types\/page"}],"author":[{"embeddable":true,"href":"https:\/\/epx.com.co\/index.php?rest_route=\/wp\/v2\/users\/1"}],"replies":[{"embeddable":true,"href":"https:\/\/epx.com.co\/index.php?rest_route=%2Fwp%2Fv2%2Fcomments&post=28"}],"version-history":[{"count":48,"href":"https:\/\/epx.com.co\/index.php?rest_route=\/wp\/v2\/pages\/28\/revisions"}],"predecessor-version":[{"id":805,"href":"https:\/\/epx.com.co\/index.php?rest_route=\/wp\/v2\/pages\/28\/revisions\/805"}],"wp:attachment":[{"href":"https:\/\/epx.com.co\/index.php?rest_route=%2Fwp%2Fv2%2Fmedia&parent=28"}],"curies":[{"name":"wp","href":"https:\/\/api.w.org\/{rel}","templated":true}]}}